{"id":2507,"date":"2019-05-09T18:03:32","date_gmt":"2019-05-09T16:03:32","guid":{"rendered":"http:\/\/www.nalys.com\/legal-notice\/"},"modified":"2019-05-13T11:38:55","modified_gmt":"2019-05-13T09:38:55","slug":"legal-notice","status":"publish","type":"page","link":"https:\/\/www.nalys.com\/en\/legal-notice\/","title":{"rendered":"Legal notice"},"content":{"rendered":"\t\t<div data-elementor-type=\"wp-post\" data-elementor-id=\"2507\" class=\"elementor elementor-2507 elementor-372\">\n\t\t\t\t\t\t<div class=\"elementor-inner\">\n\t\t\t\t<div class=\"elementor-section-wrap\">\n\t\t\t\t\t\t\t\t\t<section class=\"elementor-section elementor-top-section elementor-element elementor-element-6ec351da elementor-section-boxed elementor-section-height-default elementor-section-height-default\" data-id=\"6ec351da\" data-element_type=\"section\" data-settings=\"{&quot;jet_parallax_layout_list&quot;:[{&quot;jet_parallax_layout_image&quot;:{&quot;url&quot;:&quot;&quot;,&quot;id&quot;:&quot;&quot;,&quot;size&quot;:&quot;&quot;},&quot;_id&quot;:&quot;531f035&quot;,&quot;jet_parallax_layout_image_tablet&quot;:{&quot;url&quot;:&quot;&quot;,&quot;id&quot;:&quot;&quot;,&quot;size&quot;:&quot;&quot;},&quot;jet_parallax_layout_image_mobile&quot;:{&quot;url&quot;:&quot;&quot;,&quot;id&quot;:&quot;&quot;,&quot;size&quot;:&quot;&quot;},&quot;jet_parallax_layout_speed&quot;:{&quot;unit&quot;:&quot;%&quot;,&quot;size&quot;:50,&quot;sizes&quot;:[]},&quot;jet_parallax_layout_type&quot;:&quot;scroll&quot;,&quot;jet_parallax_layout_z_index&quot;:&quot;&quot;,&quot;jet_parallax_layout_bg_x&quot;:50,&quot;jet_parallax_layout_bg_y&quot;:50,&quot;jet_parallax_layout_bg_size&quot;:&quot;auto&quot;,&quot;jet_parallax_layout_animation_prop&quot;:&quot;transform&quot;,&quot;jet_parallax_layout_on&quot;:[&quot;desktop&quot;,&quot;tablet&quot;],&quot;jet_parallax_layout_direction&quot;:null,&quot;jet_parallax_layout_fx_direction&quot;:null,&quot;jet_parallax_layout_bg_x_tablet&quot;:&quot;&quot;,&quot;jet_parallax_layout_bg_x_mobile&quot;:&quot;&quot;,&quot;jet_parallax_layout_bg_y_tablet&quot;:&quot;&quot;,&quot;jet_parallax_layout_bg_y_mobile&quot;:&quot;&quot;,&quot;jet_parallax_layout_bg_size_tablet&quot;:&quot;&quot;,&quot;jet_parallax_layout_bg_size_mobile&quot;:&quot;&quot;}]}\">\n\t\t\t\t\t\t<div class=\"elementor-container elementor-column-gap-default\">\n\t\t\t\t\t\t\t<div class=\"elementor-row\">\n\t\t\t\t\t<div class=\"elementor-column elementor-col-50 elementor-top-column elementor-element elementor-element-7b6e603\" data-id=\"7b6e603\" data-element_type=\"column\">\n\t\t\t<div class=\"elementor-column-wrap elementor-element-populated\">\n\t\t\t\t\t\t\t<div class=\"elementor-widget-wrap\">\n\t\t\t\t\t\t<div class=\"elementor-element elementor-element-b1d1c13 elementor-widget elementor-widget-text-editor\" data-id=\"b1d1c13\" data-element_type=\"widget\" data-widget_type=\"text-editor.default\">\n\t\t\t\t<div class=\"elementor-widget-container\">\n\t\t\t\t\t\t\t\t<div class=\"elementor-text-editor elementor-clearfix\">\n\t\t\t\t<p><strong>LEGALE NOTICE<\/strong><\/p><p>CH\u00c2TEAU DE NALYS<br \/>ROUTE DE COURTH\u00c9ZON<br \/>84230 CH\u00c2TEAUNEUF-DU-PAPE<br \/>TEL. : +33 (0)4 90 83 72 52<br \/><a href=\"mailto:coordinator@nalys.com\">coordinator@nalys.com<\/a><\/p><p><strong>HOST :<\/strong><\/p><p>Fingerprint Technologies<br \/>5 Rue Jean Charcot<br \/>26100 Romans-sur-Is\u00e8re<br \/>TEL : 04 75 02 84 34<br \/><a href=\"https:\/\/www.fingerprint.fr\" target=\"_blank\" rel=\"noopener\">www.fingerprint.fr<\/a><\/p><p><strong>LEGALE NOTICE<\/strong><\/p><p>Any total or partial representation of this site and its contents, by any process whatsoever, without express prior authorization from the company SCI Ch\u00e2teau de Nalys, is prohibited and constitutes an infringement punishable by articles L335-2 and following of the Code Intellectual Property. Violation of these provisions subjects the offender and all persons responsible to the criminal and civil penalties provided for by French law.<\/p><p>For any information and request for reproduction in paper or electronic format: <a href=\"mailto:coordinator@nalys.com\">coordinator@nalys.com<\/a><\/p><p><strong>Cr\u00e9dit Photographique :<\/strong><\/p><p>E.GUIGAL S.A.S.<br \/>STEPHANE CHALAYE PHOTOGRAPHIE :\u00a0<a href=\"http:\/\/www.stephanechalaye.com\/\" target=\"_blank\" rel=\"noopener\">www.stephanechalaye.com<\/a><\/p><p><strong>Conception du site<\/strong><\/p><p><a href=\"https:\/\/www.korigan.fr\/\" target=\"_blank\" rel=\"noopener\">Korigan<\/a><\/p>\t\t\t\t\t<\/div>\n\t\t\t\t\t\t<\/div>\n\t\t\t\t<\/div>\n\t\t\t\t\t\t<\/div>\n\t\t\t\t\t<\/div>\n\t\t<\/div>\n\t\t\t\t<div class=\"elementor-column elementor-col-50 elementor-top-column elementor-element elementor-element-d210500\" data-id=\"d210500\" data-element_type=\"column\">\n\t\t\t<div class=\"elementor-column-wrap elementor-element-populated\">\n\t\t\t\t\t\t\t<div class=\"elementor-widget-wrap\">\n\t\t\t\t\t\t<div class=\"elementor-element elementor-element-d8de149 elementor-widget elementor-widget-image\" data-id=\"d8de149\" data-element_type=\"widget\" data-widget_type=\"image.default\">\n\t\t\t\t<div class=\"elementor-widget-container\">\n\t\t\t\t\t\t\t\t<div class=\"elementor-image\">\n\t\t\t\t\t\t\t\t\t\t\t\t<img width=\"600\" height=\"900\" src=\"https:\/\/www.nalys.com\/wp-content\/uploads\/2019\/03\/2017_08_02_Domaine_de_Nalys_Ext\u00e9rieurs_045_web.jpg\" class=\"attachment-large size-large wp-image-2510\" alt=\"\" loading=\"lazy\" srcset=\"https:\/\/www.nalys.com\/wp-content\/uploads\/2019\/03\/2017_08_02_Domaine_de_Nalys_Ext\u00e9rieurs_045_web.jpg 600w, https:\/\/www.nalys.com\/wp-content\/uploads\/2019\/03\/2017_08_02_Domaine_de_Nalys_Ext\u00e9rieurs_045_web-200x300.jpg 200w\" sizes=\"(max-width: 600px) 100vw, 600px\" \/>\t\t\t\t\t\t\t\t\t\t\t\t\t\t<\/div>\n\t\t\t\t\t\t<\/div>\n\t\t\t\t<\/div>\n\t\t\t\t\t\t<\/div>\n\t\t\t\t\t<\/div>\n\t\t<\/div>\n\t\t\t\t\t\t\t\t<\/div>\n\t\t\t\t\t<\/div>\n\t\t<\/section>\n\t\t\t\t\t\t\t\t\t<\/div>\n\t\t\t<\/div>\n\t\t\t\t\t<\/div>\n\t\t","protected":false},"excerpt":{"rendered":"<p>LEGALE NOTICE CH\u00c2TEAU DE NALYSROUTE DE COURTH\u00c9ZON84230 CH\u00c2TEAUNEUF-DU-PAPETEL. : +33 (0)4 90 83 72 52coordinator@nalys.com HOST : Fingerprint Technologies5 Rue Jean Charcot26100 Romans-sur-Is\u00e8reTEL : 04 75 02 84 34www.fingerprint.fr LEGALE NOTICE Any total or partial representation of this site and its contents, by any process whatsoever, without express prior authorization from the company SCI Ch\u00e2teau [&hellip;]<\/p>\n","protected":false},"author":1,"featured_media":0,"parent":0,"menu_order":13,"comment_status":"closed","ping_status":"closed","template":"","meta":{"_exactmetrics_skip_tracking":false,"_exactmetrics_sitenote_active":false,"_exactmetrics_sitenote_note":"","_exactmetrics_sitenote_category":0},"acf":[],"yoast_head":"<!-- This site is optimized with the Yoast SEO plugin v20.4 - https:\/\/yoast.com\/wordpress\/plugins\/seo\/ -->\n<title>Legal notice - Ch\u00e2teau de Nalys<\/title>\n<meta name=\"robots\" content=\"noindex, nofollow\" \/>\n<meta property=\"og:locale\" content=\"en_US\" \/>\n<meta property=\"og:type\" content=\"article\" \/>\n<meta property=\"og:title\" content=\"Legal notice - Ch\u00e2teau de Nalys\" \/>\n<meta property=\"og:description\" content=\"LEGALE NOTICE CH\u00c2TEAU DE NALYSROUTE DE COURTH\u00c9ZON84230 CH\u00c2TEAUNEUF-DU-PAPETEL. : +33 (0)4 90 83 72 52coordinator@nalys.com HOST : Fingerprint Technologies5 Rue Jean Charcot26100 Romans-sur-Is\u00e8reTEL : 04 75 02 84 34www.fingerprint.fr LEGALE NOTICE Any total or partial representation of this site and its contents, by any process whatsoever, without express prior authorization from the company SCI Ch\u00e2teau [&hellip;]\" \/>\n<meta property=\"og:url\" content=\"https:\/\/www.nalys.com\/en\/legal-notice\/\" \/>\n<meta property=\"og:site_name\" content=\"Ch\u00e2teau de Nalys\" \/>\n<meta property=\"article:publisher\" content=\"https:\/\/www.facebook.com\/chateaudenalys\/\" \/>\n<meta property=\"article:modified_time\" content=\"2019-05-13T09:38:55+00:00\" \/>\n<meta name=\"twitter:card\" content=\"summary_large_image\" \/>\n<meta name=\"twitter:site\" content=\"@chateaudenalys\" \/>\n<meta name=\"twitter:label1\" content=\"Est. reading time\" \/>\n\t<meta name=\"twitter:data1\" content=\"1 minute\" \/>\n<script type=\"application\/ld+json\" class=\"yoast-schema-graph\">{\"@context\":\"https:\/\/schema.org\",\"@graph\":[{\"@type\":\"WebPage\",\"@id\":\"https:\/\/www.nalys.com\/en\/legal-notice\/\",\"url\":\"https:\/\/www.nalys.com\/en\/legal-notice\/\",\"name\":\"Legal notice - Ch\u00e2teau de Nalys\",\"isPartOf\":{\"@id\":\"https:\/\/www.nalys.com\/en\/#website\"},\"datePublished\":\"2019-05-09T16:03:32+00:00\",\"dateModified\":\"2019-05-13T09:38:55+00:00\",\"breadcrumb\":{\"@id\":\"https:\/\/www.nalys.com\/en\/legal-notice\/#breadcrumb\"},\"inLanguage\":\"en-US\",\"potentialAction\":[{\"@type\":\"ReadAction\",\"target\":[\"https:\/\/www.nalys.com\/en\/legal-notice\/\"]}]},{\"@type\":\"BreadcrumbList\",\"@id\":\"https:\/\/www.nalys.com\/en\/legal-notice\/#breadcrumb\",\"itemListElement\":[{\"@type\":\"ListItem\",\"position\":1,\"name\":\"Ch\u00e2teau de Nalys\",\"item\":\"https:\/\/www.nalys.com\/en\/home\/\"},{\"@type\":\"ListItem\",\"position\":2,\"name\":\"Legal notice\"}]},{\"@type\":\"WebSite\",\"@id\":\"https:\/\/www.nalys.com\/en\/#website\",\"url\":\"https:\/\/www.nalys.com\/en\/\",\"name\":\"Ch\u00e2teau de Nalys\",\"description\":\"Ch\u00e2teauneuf-du-Pape\",\"potentialAction\":[{\"@type\":\"SearchAction\",\"target\":{\"@type\":\"EntryPoint\",\"urlTemplate\":\"https:\/\/www.nalys.com\/en\/?s={search_term_string}\"},\"query-input\":\"required name=search_term_string\"}],\"inLanguage\":\"en-US\"}]}<\/script>\n<!-- \/ Yoast SEO plugin. -->","yoast_head_json":{"title":"Legal notice - Ch\u00e2teau de Nalys","robots":{"index":"noindex","follow":"nofollow"},"og_locale":"en_US","og_type":"article","og_title":"Legal notice - Ch\u00e2teau de Nalys","og_description":"LEGALE NOTICE CH\u00c2TEAU DE NALYSROUTE DE COURTH\u00c9ZON84230 CH\u00c2TEAUNEUF-DU-PAPETEL. : +33 (0)4 90 83 72 52coordinator@nalys.com HOST : Fingerprint Technologies5 Rue Jean Charcot26100 Romans-sur-Is\u00e8reTEL : 04 75 02 84 34www.fingerprint.fr LEGALE NOTICE Any total or partial representation of this site and its contents, by any process whatsoever, without express prior authorization from the company SCI Ch\u00e2teau [&hellip;]","og_url":"https:\/\/www.nalys.com\/en\/legal-notice\/","og_site_name":"Ch\u00e2teau de Nalys","article_publisher":"https:\/\/www.facebook.com\/chateaudenalys\/","article_modified_time":"2019-05-13T09:38:55+00:00","twitter_card":"summary_large_image","twitter_site":"@chateaudenalys","twitter_misc":{"Est. reading time":"1 minute"},"schema":{"@context":"https:\/\/schema.org","@graph":[{"@type":"WebPage","@id":"https:\/\/www.nalys.com\/en\/legal-notice\/","url":"https:\/\/www.nalys.com\/en\/legal-notice\/","name":"Legal notice - Ch\u00e2teau de Nalys","isPartOf":{"@id":"https:\/\/www.nalys.com\/en\/#website"},"datePublished":"2019-05-09T16:03:32+00:00","dateModified":"2019-05-13T09:38:55+00:00","breadcrumb":{"@id":"https:\/\/www.nalys.com\/en\/legal-notice\/#breadcrumb"},"inLanguage":"en-US","potentialAction":[{"@type":"ReadAction","target":["https:\/\/www.nalys.com\/en\/legal-notice\/"]}]},{"@type":"BreadcrumbList","@id":"https:\/\/www.nalys.com\/en\/legal-notice\/#breadcrumb","itemListElement":[{"@type":"ListItem","position":1,"name":"Ch\u00e2teau de Nalys","item":"https:\/\/www.nalys.com\/en\/home\/"},{"@type":"ListItem","position":2,"name":"Legal notice"}]},{"@type":"WebSite","@id":"https:\/\/www.nalys.com\/en\/#website","url":"https:\/\/www.nalys.com\/en\/","name":"Ch\u00e2teau de Nalys","description":"Ch\u00e2teauneuf-du-Pape","potentialAction":[{"@type":"SearchAction","target":{"@type":"EntryPoint","urlTemplate":"https:\/\/www.nalys.com\/en\/?s={search_term_string}"},"query-input":"required name=search_term_string"}],"inLanguage":"en-US"}]}},"_links":{"self":[{"href":"https:\/\/www.nalys.com\/en\/wp-json\/wp\/v2\/pages\/2507"}],"collection":[{"href":"https:\/\/www.nalys.com\/en\/wp-json\/wp\/v2\/pages"}],"about":[{"href":"https:\/\/www.nalys.com\/en\/wp-json\/wp\/v2\/types\/page"}],"author":[{"embeddable":true,"href":"https:\/\/www.nalys.com\/en\/wp-json\/wp\/v2\/users\/1"}],"replies":[{"embeddable":true,"href":"https:\/\/www.nalys.com\/en\/wp-json\/wp\/v2\/comments?post=2507"}],"version-history":[{"count":5,"href":"https:\/\/www.nalys.com\/en\/wp-json\/wp\/v2\/pages\/2507\/revisions"}],"predecessor-version":[{"id":2632,"href":"https:\/\/www.nalys.com\/en\/wp-json\/wp\/v2\/pages\/2507\/revisions\/2632"}],"wp:attachment":[{"href":"https:\/\/www.nalys.com\/en\/wp-json\/wp\/v2\/media?parent=2507"}],"curies":[{"name":"wp","href":"https:\/\/api.w.org\/{rel}","templated":true}]}}